{"id":65,"date":"2024-02-09T17:41:23","date_gmt":"2024-02-09T17:41:23","guid":{"rendered":"http:\/\/iag.sgb.temporary.site\/ocp\/?page_id=65"},"modified":"2024-09-18T13:42:09","modified_gmt":"2024-09-18T13:42:09","slug":"quienes-lo-integran","status":"publish","type":"page","link":"https:\/\/cartelerafmed.com\/ocp\/quienes-lo-integran\/","title":{"rendered":"\u00bfQui\u00e9nes lo integran?"},"content":{"rendered":"<p>Integrantes por orden alfab\u00e9tico:<\/p>\n<ul>\n<li>Dr. Luis Delgado. Ginec\u00f3logo. Orden Egresados.<\/li>\n<li>Dra. Victoria Della Ventura. Prof. Adjunta de la Unidad Acad\u00e9mica de Bio\u00e9tica. Facultad de Medicina. Orden docente.<\/li>\n<li>Dra. Luc\u00eda de Pena. Prof. Adjunta de la Unidad Acad\u00e9mica de Psicomotricidad. Facultad de Medicina<\/li>\n<li>Dra. Nurit Stolovas. Prof. Adjunta de la Unidad Acad\u00e9mica de Salud Ocupacional. Facultad de Medicina (Coordinadora)<\/li>\n<li>Lic. Mercedes Viera Azpiroz. Licenciada en Psicolog\u00eda. Docente Libre, Profesora Adjunta de la Unidad Acad\u00e9mica de Psicolog\u00eda M\u00e9dica. Facultad de Medicina.<\/li>\n<\/ul>\n","protected":false},"excerpt":{"rendered":"<p>Integrantes por orden alfab\u00e9tico: Dr. Luis Delgado. Ginec\u00f3logo. Orden Egresados. Dra. Victoria Della Ventura. Prof. Adjunta de la Unidad Acad\u00e9mica de Bio\u00e9tica. Facultad de Medicina. Orden docente. Dra. Luc\u00eda de Pena. Prof. Adjunta de la Unidad Acad\u00e9mica de Psicomotricidad. Facultad de Medicina Dra. Nurit Stolovas. Prof. Adjunta de la Unidad Acad\u00e9mica de Salud Ocupacional. Facultad<\/p>\n","protected":false},"author":1,"featured_media":0,"parent":0,"menu_order":0,"comment_status":"closed","ping_status":"closed","template":"","meta":{"footnotes":""},"class_list":["post-65","page","type-page","status-publish","hentry"],"_links":{"self":[{"href":"https:\/\/cartelerafmed.com\/ocp\/wp-json\/wp\/v2\/pages\/65","targetHints":{"allow":["GET"]}}],"collection":[{"href":"https:\/\/cartelerafmed.com\/ocp\/wp-json\/wp\/v2\/pages"}],"about":[{"href":"https:\/\/cartelerafmed.com\/ocp\/wp-json\/wp\/v2\/types\/page"}],"author":[{"embeddable":true,"href":"https:\/\/cartelerafmed.com\/ocp\/wp-json\/wp\/v2\/users\/1"}],"replies":[{"embeddable":true,"href":"https:\/\/cartelerafmed.com\/ocp\/wp-json\/wp\/v2\/comments?post=65"}],"version-history":[{"count":5,"href":"https:\/\/cartelerafmed.com\/ocp\/wp-json\/wp\/v2\/pages\/65\/revisions"}],"predecessor-version":[{"id":149,"href":"https:\/\/cartelerafmed.com\/ocp\/wp-json\/wp\/v2\/pages\/65\/revisions\/149"}],"wp:attachment":[{"href":"https:\/\/cartelerafmed.com\/ocp\/wp-json\/wp\/v2\/media?parent=65"}],"curies":[{"name":"wp","href":"https:\/\/api.w.org\/{rel}","templated":true}]}}