{"id":63,"date":"2024-02-09T17:41:01","date_gmt":"2024-02-09T17:41:01","guid":{"rendered":"http:\/\/iag.sgb.temporary.site\/ocp\/?page_id=63"},"modified":"2024-11-28T12:16:19","modified_gmt":"2024-11-28T12:16:19","slug":"competencias-y-limitaciones","status":"publish","type":"page","link":"https:\/\/cartelerafmed.com\/ocp\/competencias-y-limitaciones\/","title":{"rendered":"Competencias y limitaciones"},"content":{"rendered":"<section class=\"wpb-content-wrapper\"><p>[vc_row][vc_column][vc_empty_space height=\u00bb15px\u00bb][vc_column_text]<span style=\"font-weight: 400;\">Las<\/span> <span style=\"font-weight: 400;\">competencias del OCP son las que emanan del Acuerdo de Comportamientos Profesionales y <\/span><span style=\"font-weight: 400;\">del <\/span><span style=\"font-weight: 400;\">Protocolo de Actuaci\u00f3n<\/span><span style=\"font-weight: 400;\"> aprobado por el Consejo de la Facultad de Medicina.<\/span><\/p>\n<p><span style=\"font-weight: 400;\">Los<\/span><span style=\"font-weight: 400;\"> y las<\/span> <span style=\"font-weight: 400;\">integrantes<\/span> <span style=\"font-weight: 400;\">son <\/span><span style=\"font-weight: 400;\">nombrados por el Consejo de la Facultad de Medicina, firman un compromiso de absoluta reserva de la informaci\u00f3n que llegue al OCP de manera de asegurar la confidencialidad de los temas tratados y proteger a las personas involucradas, tanto a las que reportan situaciones problema como a las que son reportadas.<\/span><\/p>\n<p><span style=\"font-weight: 400;\">El \u00fanico interlocutor v\u00e1lido para todos los informes, sugerencias o propuestas de intervenci\u00f3n que surjan del grupo de trabajo, es <\/span><span style=\"font-weight: 400;\">el <\/span><span style=\"font-weight: 400;\">Decano<\/span><span style=\"font-weight: 400;\">\/ la Decana<\/span><span style=\"font-weight: 400;\"> de la Facultad de Medicina qui\u00e9n tendr\u00e1 la responsabilidad de decidir las conductas futuras respecto a las situaciones reportadas.<\/span><\/p>\n<p><span style=\"font-weight: 400;\">Ante cualquier transgresi\u00f3n de estos principios \u00e9ticos por parte de los integrantes del OCP, es <\/span><span style=\"font-weight: 400;\">el <\/span><span style=\"font-weight: 400;\">Decano<\/span><span style=\"font-weight: 400;\">\/ la Decana quien <\/span><span style=\"font-weight: 400;\">tomar\u00e1 las medidas que considere necesarias.<\/span>[\/vc_column_text][vc_empty_space height=\u00bb15px\u00bb][\/vc_column][\/vc_row][vc_column width=\u00bb1\/4&#8243;][vc_btn title=\u00bbReportar una situaci\u00f3n\u00bb color=\u00bbprimary\u00bb link=\u00bburl:https%3A%2F%2Fiag.sgb.temporary.site%2Focp%2Fdenunciar%2F|title:Denunciar\u00bb][\/vc_column][vc_row][vc_column][\/vc_column][\/vc_row]<\/p>\n<\/section>","protected":false},"excerpt":{"rendered":"<p>[vc_row][vc_column][vc_empty_space height=\u00bb15px\u00bb][vc_column_text]Las competencias del OCP son las que emanan del Acuerdo de Comportamientos Profesionales y del Protocolo de Actuaci\u00f3n aprobado por el Consejo de la Facultad de Medicina. Los y las integrantes son nombrados por el Consejo de la Facultad de Medicina, firman un compromiso de absoluta reserva de la informaci\u00f3n que llegue al OCP<\/p>\n","protected":false},"author":1,"featured_media":0,"parent":0,"menu_order":0,"comment_status":"closed","ping_status":"closed","template":"","meta":{"footnotes":""},"class_list":["post-63","page","type-page","status-publish","hentry"],"_links":{"self":[{"href":"https:\/\/cartelerafmed.com\/ocp\/wp-json\/wp\/v2\/pages\/63","targetHints":{"allow":["GET"]}}],"collection":[{"href":"https:\/\/cartelerafmed.com\/ocp\/wp-json\/wp\/v2\/pages"}],"about":[{"href":"https:\/\/cartelerafmed.com\/ocp\/wp-json\/wp\/v2\/types\/page"}],"author":[{"embeddable":true,"href":"https:\/\/cartelerafmed.com\/ocp\/wp-json\/wp\/v2\/users\/1"}],"replies":[{"embeddable":true,"href":"https:\/\/cartelerafmed.com\/ocp\/wp-json\/wp\/v2\/comments?post=63"}],"version-history":[{"count":5,"href":"https:\/\/cartelerafmed.com\/ocp\/wp-json\/wp\/v2\/pages\/63\/revisions"}],"predecessor-version":[{"id":162,"href":"https:\/\/cartelerafmed.com\/ocp\/wp-json\/wp\/v2\/pages\/63\/revisions\/162"}],"wp:attachment":[{"href":"https:\/\/cartelerafmed.com\/ocp\/wp-json\/wp\/v2\/media?parent=63"}],"curies":[{"name":"wp","href":"https:\/\/api.w.org\/{rel}","templated":true}]}}