{"id":59,"date":"2024-02-09T17:40:00","date_gmt":"2024-02-09T17:40:00","guid":{"rendered":"http:\/\/iag.sgb.temporary.site\/ocp\/?page_id=59"},"modified":"2024-09-18T13:39:00","modified_gmt":"2024-09-18T13:39:00","slug":"que-es-el-ocp","status":"publish","type":"page","link":"https:\/\/cartelerafmed.com\/ocp\/que-es-el-ocp\/","title":{"rendered":"\u00bfQu\u00e9 es el OCP?"},"content":{"rendered":"<section class=\"wpb-content-wrapper\"><p>[vc_row][vc_column][vc_empty_space height=\u00bb10px\u00bb][vc_column_text]<span style=\"font-weight: 400;\">El OCP tiene como cometidos la prevenci\u00f3n y promoci\u00f3n de comportamientos profesionales en <\/span><span style=\"font-weight: 400;\">e<\/span><span style=\"font-weight: 400;\">l \u00e1mbito de la salud, la identificaci\u00f3n de situaciones de comportamientos no profesionales, la evaluaci\u00f3n de casos reportados y propone la implementaci\u00f3n de acciones de remediaci\u00f3n.<\/span><\/p>\n<p><span style=\"font-weight: 400;\">El OCP es un grupo de trabajo con un perfil eminentemente t\u00e9cnico dependiente del Decanato.<\/span><\/p>\n<p><span style=\"font-weight: 400;\">El Consejo de la Facultad nombra a los <\/span><span style=\"font-weight: 400;\">y las <\/span><span style=\"font-weight: 400;\">integrantes del OCP,con representaci\u00f3n de los diferentes \u00f3rdenes, adem\u00e1s de <\/span><span style=\"font-weight: 400;\">contar con profesionales de disciplinas afines a\u00a0 las competencias del observatorio.<\/span><\/p>\n<p><span style=\"font-weight: 400;\">El OCP debe ser visto como lo que es, un grupo de articulaci\u00f3n entre las partes implicadas en el proceso que surge a partir del reporte. <\/span><span style=\"font-weight: 400;\">No es un \u00f3rgano de decisi\u00f3n, un comit\u00e9 de \u00e9tica ni <\/span><span style=\"font-weight: 400;\">de<\/span><span style=\"font-weight: 400;\"> disciplina, por lo que no <\/span><span style=\"font-weight: 400;\">est\u00e1 entre sus<\/span><span style=\"font-weight: 400;\"> competencias <\/span><span style=\"font-weight: 400;\">imponer <\/span><span style=\"font-weight: 400;\">sanciones.<\/span><\/p>\n<p><span style=\"font-weight: 400;\">El eje de actuaci\u00f3n del OCP es contrastar la situaci\u00f3n planteada con el <\/span><b>Acuerdo de <\/b> <b>Comportamientos Profesionales<\/b><span style=\"font-weight: 400;\">, aprobado por el Consejo de la Facultad.<\/span><\/p>\n<p><span style=\"font-weight: 400;\">El OCP debe asegurar la formaci\u00f3n de sus integrantes en los temas a considerar.<\/span>[\/vc_column_text][vc_empty_space height=\u00bb10px\u00bb][\/vc_column][\/vc_row]<\/p>\n<\/section>","protected":false},"excerpt":{"rendered":"<p>[vc_row][vc_column][vc_empty_space height=\u00bb10px\u00bb][vc_column_text]El OCP tiene como cometidos la prevenci\u00f3n y promoci\u00f3n de comportamientos profesionales en el \u00e1mbito de la salud, la identificaci\u00f3n de situaciones de comportamientos no profesionales, la evaluaci\u00f3n de casos reportados y propone la implementaci\u00f3n de acciones de remediaci\u00f3n. El OCP es un grupo de trabajo con un perfil eminentemente t\u00e9cnico dependiente del Decanato.<\/p>\n","protected":false},"author":1,"featured_media":0,"parent":0,"menu_order":0,"comment_status":"closed","ping_status":"closed","template":"","meta":{"footnotes":""},"class_list":["post-59","page","type-page","status-publish","hentry"],"_links":{"self":[{"href":"https:\/\/cartelerafmed.com\/ocp\/wp-json\/wp\/v2\/pages\/59","targetHints":{"allow":["GET"]}}],"collection":[{"href":"https:\/\/cartelerafmed.com\/ocp\/wp-json\/wp\/v2\/pages"}],"about":[{"href":"https:\/\/cartelerafmed.com\/ocp\/wp-json\/wp\/v2\/types\/page"}],"author":[{"embeddable":true,"href":"https:\/\/cartelerafmed.com\/ocp\/wp-json\/wp\/v2\/users\/1"}],"replies":[{"embeddable":true,"href":"https:\/\/cartelerafmed.com\/ocp\/wp-json\/wp\/v2\/comments?post=59"}],"version-history":[{"count":8,"href":"https:\/\/cartelerafmed.com\/ocp\/wp-json\/wp\/v2\/pages\/59\/revisions"}],"predecessor-version":[{"id":146,"href":"https:\/\/cartelerafmed.com\/ocp\/wp-json\/wp\/v2\/pages\/59\/revisions\/146"}],"wp:attachment":[{"href":"https:\/\/cartelerafmed.com\/ocp\/wp-json\/wp\/v2\/media?parent=59"}],"curies":[{"name":"wp","href":"https:\/\/api.w.org\/{rel}","templated":true}]}}