{"id":51,"date":"2024-02-09T17:15:55","date_gmt":"2024-02-09T17:15:55","guid":{"rendered":"http:\/\/iag.sgb.temporary.site\/ocp\/?page_id=51"},"modified":"2024-11-28T11:57:58","modified_gmt":"2024-11-28T11:57:58","slug":"51-2","status":"publish","type":"page","link":"https:\/\/cartelerafmed.com\/ocp\/","title":{"rendered":"Home"},"content":{"rendered":"<section class=\"wpb-content-wrapper\"><p>[vc_row][vc_column width=\u00bb1\/6&#8243;][vc_column_text][\/vc_column_text][\/vc_column][vc_column width=\u00bb2\/3&#8243;][vc_empty_space height=\u00bb-20px\u00bb][vc_column_text]<\/p>\n<p style=\"text-align: justify;\">Les damos la bienvenida al sitio del Observatorio de Comportamientos Profesionales (OCP).<\/p>\n<p style=\"text-align: justify;\">El OCP es un grupo de trabajo t\u00e9cnico y co -gobernado, dependiente del Consejo de la Facultad de Medicina. Su objetivo fundamental es generar instancias de intercambio para la educaci\u00f3n, promoci\u00f3n de herramientas para un adecuado comportamiento profesional y prevenci\u00f3n de conductas inadecuadas.<\/p>\n<p style=\"text-align: justify;\">Entendemos que como colectivo, todos y todas somos responsables de la observancia de los comportamientos profesionales de docentes y estudiantes de nuestra casa de estudio.<\/p>\n<p style=\"text-align: justify;\">Procuramos que en conjunto podamos contribuir a generar \u00e1mbitos de trabajo y estudio saludables, respetuosos y disfrutables.<\/p>\n<p>[\/vc_column_text][vc_empty_space height=\u00bb-10px\u00bb][\/vc_column][vc_column width=\u00bb1\/6&#8243;][vc_column_text][\/vc_column_text][\/vc_column][\/vc_row][vc_row][vc_column width=\u00bb1\/3&#8243;][vc_btn title=\u00bbAcuerdo de comportamiento\u00bb color=\u00bbpeacoc\u00bb link=\u00bburl:https%3A%2F%2Fiag.sgb.temporary.site%2Focp%2Facuerdo-de-comportamientos-profesionales%2F|title:Acuerdo%20de%20Comportamientos%20Profesionales\u00bb][\/vc_column][vc_column width=\u00bb1\/3&#8243;][vc_btn title=\u00bbProtocolo de Actuaci\u00f3n\u00bb color=\u00bbpeacoc\u00bb link=\u00bburl:https%3A%2F%2Fcartelerafmed.com%2Focp%2Fwp-content%2Fuploads%2F2024%2F02%2FProtocolo-de-actuacion-del-OCP.pdf|target:_blank\u00bb][\/vc_column][vc_column width=\u00bb1\/3&#8243;][vc_btn title=\u00bbReportar una situaci\u00f3n\u00bb color=\u00bbdanger\u00bb link=\u00bburl:https%3A%2F%2Fiag.sgb.temporary.site%2Focp%2Fdenunciar%2F|title:Denunciar\u00bb][\/vc_column][\/vc_row][vc_row][vc_column][vc_text_separator title=\u00bbResoluci\u00f3n del Consejo de Facultad de Medicina\u00bb i_icon_fontawesome=\u00bbfar fa-edit\u00bb i_color=\u00bbcustom\u00bb i_size=\u00bbsm\u00bb color=\u00bbcustom\u00bb add_icon=\u00bbtrue\u00bb accent_color=\u00bb#004f84&#8243; i_custom_color=\u00bb#0a407f\u00bb][vc_row_inner][vc_column_inner width=\u00bb1\/6&#8243;][\/vc_column_inner][vc_column_inner width=\u00bb2\/3&#8243;][vc_column_text]<strong>EL CONSEJO DE LA FACULTAD DE MEDICINA DE LA UNIVERSIDAD DE LA REP\u00daBLICA EN SESI\u00d3N ORDINARIA DE FECHA 1 DE NOVIEMBRE DE 2023, ADOPTO LA SIGUIENTE RESOLUCI\u00d3N:<\/strong><\/p>\n<p>110.<br \/>\n(Exp. N\u00ba 070011-000082-23)\u00a0 &#8211;\u00a0 Tomar conocimiento y aprobar la actualizaci\u00f3n del Programa y Protocolo de actuaci\u00f3n del Observatorio de Comportamientos Profesionales OCP, que luce en el Dist. 1246\/23.\u00a0 (11 en 11)<\/p>\n<p>Pase a la Sec. del OCP (Decanato)[\/vc_column_text][\/vc_column_inner][vc_column_inner width=\u00bb1\/6&#8243;][\/vc_column_inner][\/vc_row_inner][\/vc_column][\/vc_row]<\/p>\n<\/section>","protected":false},"excerpt":{"rendered":"<p>[vc_row][vc_column width=\u00bb1\/6&#8243;][vc_column_text][\/vc_column_text][\/vc_column][vc_column width=\u00bb2\/3&#8243;][vc_empty_space height=\u00bb-20px\u00bb][vc_column_text] Les damos la bienvenida al sitio del Observatorio de Comportamientos Profesionales (OCP). El OCP es un grupo de trabajo t\u00e9cnico y co -gobernado, dependiente del Consejo de la Facultad de Medicina. Su objetivo fundamental es generar instancias de intercambio para la educaci\u00f3n, promoci\u00f3n de herramientas para un adecuado comportamiento profesional y<\/p>\n","protected":false},"author":1,"featured_media":0,"parent":0,"menu_order":0,"comment_status":"closed","ping_status":"closed","template":"","meta":{"footnotes":""},"class_list":["post-51","page","type-page","status-publish","hentry"],"_links":{"self":[{"href":"https:\/\/cartelerafmed.com\/ocp\/wp-json\/wp\/v2\/pages\/51","targetHints":{"allow":["GET"]}}],"collection":[{"href":"https:\/\/cartelerafmed.com\/ocp\/wp-json\/wp\/v2\/pages"}],"about":[{"href":"https:\/\/cartelerafmed.com\/ocp\/wp-json\/wp\/v2\/types\/page"}],"author":[{"embeddable":true,"href":"https:\/\/cartelerafmed.com\/ocp\/wp-json\/wp\/v2\/users\/1"}],"replies":[{"embeddable":true,"href":"https:\/\/cartelerafmed.com\/ocp\/wp-json\/wp\/v2\/comments?post=51"}],"version-history":[{"count":18,"href":"https:\/\/cartelerafmed.com\/ocp\/wp-json\/wp\/v2\/pages\/51\/revisions"}],"predecessor-version":[{"id":157,"href":"https:\/\/cartelerafmed.com\/ocp\/wp-json\/wp\/v2\/pages\/51\/revisions\/157"}],"wp:attachment":[{"href":"https:\/\/cartelerafmed.com\/ocp\/wp-json\/wp\/v2\/media?parent=51"}],"curies":[{"name":"wp","href":"https:\/\/api.w.org\/{rel}","templated":true}]}}